{"id":813,"date":"2020-02-27T12:17:29","date_gmt":"2020-02-27T12:17:29","guid":{"rendered":"https:\/\/www.thp2.eu\/?page_id=813"},"modified":"2020-03-05T15:19:37","modified_gmt":"2020-03-05T15:19:37","slug":"portal-und-managementssystem","status":"publish","type":"page","link":"https:\/\/www.thp2.eu\/de\/portal-und-managementssystem\/","title":{"rendered":"Portal- und Managementsystem"},"content":{"rendered":"\n<div class=\"wp-block-group\"><div class=\"wp-block-group__inner-container is-layout-flow wp-block-group-is-layout-flow\">\n<div class=\"wp-block-columns is-layout-flex wp-container-core-columns-is-layout-9d6595d7 wp-block-columns-is-layout-flex\">\n<div class=\"wp-block-column is-layout-flow wp-block-column-is-layout-flow\">\n<p><strong><strong>Das Managementsystem<\/strong><\/strong><\/p>\n\n\n\n<ol class=\"wp-block-list\"><li>Webbasiertes System<\/li><li>Ma\u00dfarbeit Look und Feel<\/li><li>Gro\u00dfes Set validierter Frageb\u00f6gen Darunter:&nbsp;<ul><li>PSA<\/li><li>Arbeitsleben<\/li><li>ARBO-Risikos<\/li><li>Lebensstil<\/li><li>Sicherheit<\/li><li>u.a.&nbsp;<\/li><\/ul><\/li><li>Planung<ul><li>Individuell<\/li><li>Gruppe<\/li><\/ul><\/li><li>E-Mail-Funktionalit\u00e4t<\/li><li>Normen und Klassifikationen<ul><li>K\u00f6nnen von dem Benutzer nach Ma\u00df gestaltet werden<\/li><\/ul><\/li><li>Statusanzeigen&nbsp;<\/li><li>Projekte und Gruppenmanagement<\/li><li>Status Management der Teilnehmer<\/li><li>Benutzerniveaus<\/li><li>Dashboard Funktionalit\u00e4t<\/li><li>Import und Export Funktionalit\u00e4t von (externen)<ul><li>Exportfunktionalit\u00e4ten<ul><li>Export unver\u00e4nderter Daten des Intake- und physischen Tests nach CSV<\/li><li>Export ausgewerteter Daten (Bezug zu den Normwerten) des Intake- und physischen Tests nach CSV<\/li><li>Export der Beratungsberichte<\/li><li>Export der Daten in das Portal<\/li><li>Gesamter Export Funktionalit\u00e4t<\/li><\/ul><\/li><\/ul><\/li><li>Benutzer\u00fcbersichten<ul><li>Resultate pro Testmoment einsehen<\/li><li>Benutzermanagement<\/li><li>Benutzer Detailseite<\/li><\/ul><\/li><li>Berichte<ul><li>Individuell (Teilnehmer)<\/li><li>Gruppe<\/li><li>Individuell (Arzt)<\/li><\/ul><\/li><li>Datenmanagement<ul><li>Datenbankaufbau zwecks Untersuchungen<\/li><\/ul><\/li><\/ol>\n<\/div>\n\n\n\n<div class=\"wp-block-column is-layout-flow wp-block-column-is-layout-flow\">\n<p><strong>Das Vitalit\u00e4tsportal<\/strong><\/p>\n\n\n\n<ol class=\"wp-block-list\"><li>Webbasiert<\/li><li>Website Titelseite (allgemeiner Bereich)<ul><li>Videos, Fotos, Texte.<\/li><li>Als Besucher eines Portals gelange ich auf eine vollwertige Website\/Titelseite. Diese kann komplett nach den W\u00fcnschen des Kunden, beispielsweise mit Videos, Bildern und Texten, erstellt werden.<\/li><li>Als Besucher den \u00f6ffentlichen Teil der Website anschauen.<\/li><li>Als Teilnehmer\/Coach\/Manager\/Pro-Manager kann ich auf der Website mit meiner E-Mail Adresse und Passwort einloggen.<\/li><\/ul><\/li><li>Ma\u00dfarbeit Look &amp; Feel&nbsp;<\/li><li>Portal Benutzerbereich (spezifisch gesicherter Bereich)<\/li><li>Pers\u00f6nlicher Login und Profile der Teilnehmer<\/li><li>Teilnehmer Dashboard<ul><li>Kalender von Heute<\/li><li>Kalender mit den ersten Tagesordnungspunkten<\/li><li>Logbuch<\/li><li>Ratschl\u00e4ge&nbsp;<\/li><\/ul><\/li><li>Messungen, Wiedergabe Gesundheitsprofile<\/li><li>Coaches, Verbindung zu einem E-Coach<ul><li>E- Coaching<\/li><\/ul><\/li><li>Logbuch Funktionalit\u00e4t Teilnehmer<ul><li>Berichte lesen und archivieren&nbsp;<\/li><li>Bericht schreiben<\/li><li>Coach Kontakt<\/li><\/ul><\/li><li>Ratschl\u00e4ge&nbsp;<\/li><li>  Ern\u00e4hrungspl\u00e4ne&nbsp;<ul><li>Ma\u00dfarbeit: von den Coaches einzurichten<\/li><\/ul><\/li><li>Trainingspl\u00e4ne (von Bewegen bis zur physischen Belastung bis zu Mindfulness)<ul><li>Ma\u00dfarbeit: von den Coaches einzurichten<\/li><\/ul><\/li><li>Messmomente, \u00dcberwachung der eigenen Gesundheit<\/li><li>Profilseiten&nbsp;<\/li><li>Upload- und Downloadseite f\u00fcr Artikel<\/li><li>Informationsportal<\/li><li>Verbindung zwischen der Applikation und dem Managementsystem&nbsp;<ul><li>Teilnehmer k\u00f6nnen ihren Beratungsbericht downloaden<\/li><li>Teilnehmer k\u00f6nnen mit Hilfe der Applikation dazu sto\u00dfen<\/li><li>St\u00e4ndige Kommunikation mit dem Portal mit Hilfe der Applikation&nbsp;<\/li><\/ul><\/li><\/ol>\n<\/div>\n<\/div>\n<\/div><\/div>\n\n\n\n<p><a href=\"https:\/\/www.thp2.eu\/de\/testen-sie-ihre-gesundheit-und-leistung\/\">Zur\u00fcck<\/a><\/p>\n","protected":false},"excerpt":{"rendered":"<p>Das Managementsystem Webbasiertes System Ma\u00dfarbeit Look und Feel Gro\u00dfes Set validierter Frageb\u00f6gen Darunter:&nbsp; PSA Arbeitsleben ARBO-Risikos Lebensstil Sicherheit u.a.&nbsp; Planung Individuell Gruppe E-Mail-Funktionalit\u00e4t Normen und Klassifikationen K\u00f6nnen von dem Benutzer nach Ma\u00df gestaltet werden Statusanzeigen&nbsp; Projekte und Gruppenmanagement Status Management der Teilnehmer Benutzerniveaus Dashboard Funktionalit\u00e4t Import und Export Funktionalit\u00e4t von (externen) Exportfunktionalit\u00e4ten Export unver\u00e4nderter Daten [&#8230;]<\/p>\n<p><a class=\"btn btn-secondary thp2-read-more-link\" href=\"https:\/\/www.thp2.eu\/de\/portal-und-managementssystem\/\">Weiterlesen&#8230;<\/a><\/p>\n","protected":false},"author":3,"featured_media":0,"parent":0,"menu_order":0,"comment_status":"closed","ping_status":"closed","template":"","meta":{"_acf_changed":false,"footnotes":""},"class_list":["post-813","page","type-page","status-publish","hentry"],"acf":[],"yoast_head":"<!-- This site is optimized with the Yoast SEO plugin v27.3 - https:\/\/yoast.com\/product\/yoast-seo-wordpress\/ -->\n<title>Portal- und Managementsystem - THP\u00b2<\/title>\n<meta name=\"robots\" content=\"index, follow, max-snippet:-1, max-image-preview:large, max-video-preview:-1\" \/>\n<link rel=\"canonical\" href=\"https:\/\/www.thp2.eu\/portaal-en-beheersysteem\/\" \/>\n<meta property=\"og:locale\" content=\"de_DE\" \/>\n<meta property=\"og:type\" content=\"article\" \/>\n<meta property=\"og:title\" content=\"Portal- und Managementsystem - THP\u00b2\" \/>\n<meta property=\"og:description\" content=\"Das Managementsystem Webbasiertes System Ma\u00dfarbeit Look und Feel Gro\u00dfes Set validierter Frageb\u00f6gen Darunter:&nbsp; PSA Arbeitsleben ARBO-Risikos Lebensstil Sicherheit u.a.&nbsp; Planung Individuell Gruppe E-Mail-Funktionalit\u00e4t Normen und Klassifikationen K\u00f6nnen von dem Benutzer nach Ma\u00df gestaltet werden Statusanzeigen&nbsp; Projekte und Gruppenmanagement Status Management der Teilnehmer Benutzerniveaus Dashboard Funktionalit\u00e4t Import und Export Funktionalit\u00e4t von (externen) Exportfunktionalit\u00e4ten Export unver\u00e4nderter Daten [...]Weiterlesen...\" \/>\n<meta property=\"og:url\" content=\"https:\/\/www.thp2.eu\/portaal-en-beheersysteem\/\" \/>\n<meta property=\"og:site_name\" content=\"THP\u00b2\" \/>\n<meta property=\"article:modified_time\" content=\"2020-03-05T15:19:37+00:00\" \/>\n<meta name=\"twitter:card\" content=\"summary_large_image\" \/>\n<meta name=\"twitter:label1\" content=\"Gesch\u00e4tzte Lesezeit\" \/>\n\t<meta name=\"twitter:data1\" content=\"1\u00a0Minute\" \/>\n<script type=\"application\/ld+json\" class=\"yoast-schema-graph\">{\"@context\":\"https:\\\/\\\/schema.org\",\"@graph\":[{\"@type\":\"WebPage\",\"@id\":\"https:\\\/\\\/www.thp2.eu\\\/portaal-en-beheersysteem\\\/\",\"url\":\"https:\\\/\\\/www.thp2.eu\\\/portaal-en-beheersysteem\\\/\",\"name\":\"Portal- und Managementsystem - THP\u00b2\",\"isPartOf\":{\"@id\":\"https:\\\/\\\/www.thp2.eu\\\/#website\"},\"datePublished\":\"2020-02-27T12:17:29+00:00\",\"dateModified\":\"2020-03-05T15:19:37+00:00\",\"breadcrumb\":{\"@id\":\"https:\\\/\\\/www.thp2.eu\\\/portaal-en-beheersysteem\\\/#breadcrumb\"},\"inLanguage\":\"de\",\"potentialAction\":[{\"@type\":\"ReadAction\",\"target\":[\"https:\\\/\\\/www.thp2.eu\\\/portaal-en-beheersysteem\\\/\"]}]},{\"@type\":\"BreadcrumbList\",\"@id\":\"https:\\\/\\\/www.thp2.eu\\\/portaal-en-beheersysteem\\\/#breadcrumb\",\"itemListElement\":[{\"@type\":\"ListItem\",\"position\":1,\"name\":\"Start\",\"item\":\"https:\\\/\\\/www.thp2.eu\\\/\"},{\"@type\":\"ListItem\",\"position\":2,\"name\":\"Portal- und Managementsystem\"}]},{\"@type\":\"WebSite\",\"@id\":\"https:\\\/\\\/www.thp2.eu\\\/#website\",\"url\":\"https:\\\/\\\/www.thp2.eu\\\/\",\"name\":\"THP\u00b2\",\"description\":\"\",\"potentialAction\":[{\"@type\":\"SearchAction\",\"target\":{\"@type\":\"EntryPoint\",\"urlTemplate\":\"https:\\\/\\\/www.thp2.eu\\\/?s={search_term_string}\"},\"query-input\":{\"@type\":\"PropertyValueSpecification\",\"valueRequired\":true,\"valueName\":\"search_term_string\"}}],\"inLanguage\":\"de\"}]}<\/script>\n<!-- \/ Yoast SEO plugin. -->","yoast_head_json":{"title":"Portal- und Managementsystem - THP\u00b2","robots":{"index":"index","follow":"follow","max-snippet":"max-snippet:-1","max-image-preview":"max-image-preview:large","max-video-preview":"max-video-preview:-1"},"canonical":"https:\/\/www.thp2.eu\/portaal-en-beheersysteem\/","og_locale":"de_DE","og_type":"article","og_title":"Portal- und Managementsystem - THP\u00b2","og_description":"Das Managementsystem Webbasiertes System Ma\u00dfarbeit Look und Feel Gro\u00dfes Set validierter Frageb\u00f6gen Darunter:&nbsp; PSA Arbeitsleben ARBO-Risikos Lebensstil Sicherheit u.a.&nbsp; Planung Individuell Gruppe E-Mail-Funktionalit\u00e4t Normen und Klassifikationen K\u00f6nnen von dem Benutzer nach Ma\u00df gestaltet werden Statusanzeigen&nbsp; Projekte und Gruppenmanagement Status Management der Teilnehmer Benutzerniveaus Dashboard Funktionalit\u00e4t Import und Export Funktionalit\u00e4t von (externen) Exportfunktionalit\u00e4ten Export unver\u00e4nderter Daten [...]Weiterlesen...","og_url":"https:\/\/www.thp2.eu\/portaal-en-beheersysteem\/","og_site_name":"THP\u00b2","article_modified_time":"2020-03-05T15:19:37+00:00","twitter_card":"summary_large_image","twitter_misc":{"Gesch\u00e4tzte Lesezeit":"1\u00a0Minute"},"schema":{"@context":"https:\/\/schema.org","@graph":[{"@type":"WebPage","@id":"https:\/\/www.thp2.eu\/portaal-en-beheersysteem\/","url":"https:\/\/www.thp2.eu\/portaal-en-beheersysteem\/","name":"Portal- und Managementsystem - THP\u00b2","isPartOf":{"@id":"https:\/\/www.thp2.eu\/#website"},"datePublished":"2020-02-27T12:17:29+00:00","dateModified":"2020-03-05T15:19:37+00:00","breadcrumb":{"@id":"https:\/\/www.thp2.eu\/portaal-en-beheersysteem\/#breadcrumb"},"inLanguage":"de","potentialAction":[{"@type":"ReadAction","target":["https:\/\/www.thp2.eu\/portaal-en-beheersysteem\/"]}]},{"@type":"BreadcrumbList","@id":"https:\/\/www.thp2.eu\/portaal-en-beheersysteem\/#breadcrumb","itemListElement":[{"@type":"ListItem","position":1,"name":"Start","item":"https:\/\/www.thp2.eu\/"},{"@type":"ListItem","position":2,"name":"Portal- und Managementsystem"}]},{"@type":"WebSite","@id":"https:\/\/www.thp2.eu\/#website","url":"https:\/\/www.thp2.eu\/","name":"THP\u00b2","description":"","potentialAction":[{"@type":"SearchAction","target":{"@type":"EntryPoint","urlTemplate":"https:\/\/www.thp2.eu\/?s={search_term_string}"},"query-input":{"@type":"PropertyValueSpecification","valueRequired":true,"valueName":"search_term_string"}}],"inLanguage":"de"}]}},"_links":{"self":[{"href":"https:\/\/www.thp2.eu\/de\/wp-json\/wp\/v2\/pages\/813","targetHints":{"allow":["GET"]}}],"collection":[{"href":"https:\/\/www.thp2.eu\/de\/wp-json\/wp\/v2\/pages"}],"about":[{"href":"https:\/\/www.thp2.eu\/de\/wp-json\/wp\/v2\/types\/page"}],"author":[{"embeddable":true,"href":"https:\/\/www.thp2.eu\/de\/wp-json\/wp\/v2\/users\/3"}],"replies":[{"embeddable":true,"href":"https:\/\/www.thp2.eu\/de\/wp-json\/wp\/v2\/comments?post=813"}],"version-history":[{"count":3,"href":"https:\/\/www.thp2.eu\/de\/wp-json\/wp\/v2\/pages\/813\/revisions"}],"predecessor-version":[{"id":1099,"href":"https:\/\/www.thp2.eu\/de\/wp-json\/wp\/v2\/pages\/813\/revisions\/1099"}],"wp:attachment":[{"href":"https:\/\/www.thp2.eu\/de\/wp-json\/wp\/v2\/media?parent=813"}],"curies":[{"name":"wp","href":"https:\/\/api.w.org\/{rel}","templated":true}]}}